{"id":2871,"date":"2026-04-24T11:15:25","date_gmt":"2026-04-24T09:15:25","guid":{"rendered":"https:\/\/knorrtec.w-communication.com\/ueber-uns\/"},"modified":"2026-04-27T07:57:29","modified_gmt":"2026-04-27T05:57:29","slug":"ueber-uns","status":"publish","type":"page","link":"http:\/\/knorrtec.w-communication.com\/en\/ueber-uns\/","title":{"rendered":"About us"},"content":{"rendered":"<div data-elementor-type=\"wp-page\" data-elementor-id=\"2871\" class=\"elementor elementor-2871\" data-elementor-post-type=\"page\">\n\t\t\t\t<div class=\"elementor-element elementor-element-1be14cc e-con-full kt-hero kt-section e-flex e-con e-parent\" data-id=\"1be14cc\" data-element_type=\"container\" data-e-type=\"container\">\n\t\t<div class=\"elementor-element elementor-element-8494d48 e-con-full kt-hero-inner e-flex e-con e-child\" data-id=\"8494d48\" data-element_type=\"container\" data-e-type=\"container\">\n\t\t<div class=\"elementor-element elementor-element-5f2b342 e-con-full kt-hero-left e-flex e-con e-child\" data-id=\"5f2b342\" data-element_type=\"container\" data-e-type=\"container\">\n\t\t\t\t<div class=\"elementor-element elementor-element-67c2e93 kt-eyebrow elementor-widget elementor-widget-heading\" data-id=\"67c2e93\" data-element_type=\"widget\" data-e-type=\"widget\" data-widget_type=\"heading.default\">\n\t\t\t\t\t<h6 class=\"elementor-heading-title elementor-size-default\">Unternehmen<\/h6>\t\t\t\t<\/div>\n\t\t\t\t<div class=\"elementor-element elementor-element-6f885f9 kt-h1 elementor-widget elementor-widget-heading\" data-id=\"6f885f9\" data-element_type=\"widget\" data-e-type=\"widget\" data-widget_type=\"heading.default\">\n\t\t\t\t\t<h1 class=\"elementor-heading-title elementor-size-default\">We're happy to help.<\/h1>\t\t\t\t<\/div>\n\t\t\t\t<div class=\"elementor-element elementor-element-23bf038 kt-hero-text elementor-widget elementor-widget-text-editor\" data-id=\"23bf038\" data-element_type=\"widget\" data-e-type=\"widget\" data-widget_type=\"text-editor.default\">\n\t\t\t\t\t\t\t\t\t<p class=\"kt-lead\">Als mittelst\u00e4ndisches Unternehmen erarbeiten wir <strong>seit 2002<\/strong> ma\u00dfgeschneiderte L\u00f6sungen \u2014 vorwiegend in den Bereichen <strong>Kabelkonfektion<\/strong> und <strong>Schaltkastenbau<\/strong>. Dabei orientieren wir uns an den individuellen Anforderungen unserer Kunden.<\/p><p class=\"kt-lead-sub\">Your expert for the automation of plants and machines \u2014 for over two decades.<\/p>\t\t\t\t\t\t\t\t<\/div>\n\t\t\t\t<\/div>\n\t\t<div class=\"elementor-element elementor-element-15c5630 e-con-full kt-hero-right e-flex e-con e-child\" data-id=\"15c5630\" data-element_type=\"container\" data-e-type=\"container\">\n\t\t\t\t<div class=\"elementor-element elementor-element-54770ca kt-hero-img elementor-widget elementor-widget-image\" data-id=\"54770ca\" data-element_type=\"widget\" data-e-type=\"widget\" data-widget_type=\"image.default\">\n\t\t\t\t\t\t\t\t\t\t\t\t\t\t\t<img fetchpriority=\"high\" decoding=\"async\" width=\"610\" height=\"460\" src=\"https:\/\/knorrtec.w-communication.com\/wp-content\/uploads\/2026\/04\/Team.jpg\" class=\"attachment-large size-large wp-image-7042\" alt=\"\" srcset=\"https:\/\/knorrtec.w-communication.com\/wp-content\/uploads\/2026\/04\/Team.jpg 610w, https:\/\/knorrtec.w-communication.com\/wp-content\/uploads\/2026\/04\/Team-300x226.jpg 300w, https:\/\/knorrtec.w-communication.com\/wp-content\/uploads\/2026\/04\/Team-16x12.jpg 16w, https:\/\/knorrtec.w-communication.com\/wp-content\/uploads\/2026\/04\/Team-600x452.jpg 600w\" sizes=\"(max-width: 610px) 100vw, 610px\" \/>\t\t\t\t\t\t\t\t\t\t\t\t\t\t\t<\/div>\n\t\t\t\t<\/div>\n\t\t\t\t<\/div>\n\t\t\t\t<\/div>\n\t\t<div class=\"elementor-element elementor-element-9efaa0b e-con-full kt-stats kt-section-dark e-flex e-con e-parent\" data-id=\"9efaa0b\" data-element_type=\"container\" data-e-type=\"container\">\n\t\t<div class=\"elementor-element elementor-element-40191a6 e-con-full kt-stats-inner e-flex e-con e-child\" data-id=\"40191a6\" data-element_type=\"container\" data-e-type=\"container\">\n\t\t<div class=\"elementor-element elementor-element-878e930 e-con-full kt-stat-cell e-flex e-con e-child\" data-id=\"878e930\" data-element_type=\"container\" data-e-type=\"container\">\n\t\t\t\t<div class=\"elementor-element elementor-element-533732a kt-stat-num elementor-widget elementor-widget-heading\" data-id=\"533732a\" data-element_type=\"widget\" data-e-type=\"widget\" data-widget_type=\"heading.default\">\n\t\t\t\t\t<div class=\"elementor-heading-title elementor-size-default\">1998<\/div>\t\t\t\t<\/div>\n\t\t\t\t<div class=\"elementor-element elementor-element-e67f528 kt-stat-lbl elementor-widget elementor-widget-heading\" data-id=\"e67f528\" data-element_type=\"widget\" data-e-type=\"widget\" data-widget_type=\"heading.default\">\n\t\t\t\t\t<div class=\"elementor-heading-title elementor-size-default\">Gegreendet<\/div>\t\t\t\t<\/div>\n\t\t\t\t<\/div>\n\t\t<div class=\"elementor-element elementor-element-541a9ef e-con-full kt-stat-cell e-flex e-con e-child\" data-id=\"541a9ef\" data-element_type=\"container\" data-e-type=\"container\">\n\t\t\t\t<div class=\"elementor-element elementor-element-ffa5eb3 kt-stat-num elementor-widget elementor-widget-heading\" data-id=\"ffa5eb3\" data-element_type=\"widget\" data-e-type=\"widget\" data-widget_type=\"heading.default\">\n\t\t\t\t\t<div class=\"elementor-heading-title elementor-size-default\">100 %<\/div>\t\t\t\t<\/div>\n\t\t\t\t<div class=\"elementor-element elementor-element-c397055 kt-stat-lbl elementor-widget elementor-widget-heading\" data-id=\"c397055\" data-element_type=\"widget\" data-e-type=\"widget\" data-widget_type=\"heading.default\">\n\t\t\t\t\t<div class=\"elementor-heading-title elementor-size-default\">Konfektion in Deutschland<\/div>\t\t\t\t<\/div>\n\t\t\t\t<\/div>\n\t\t<div class=\"elementor-element elementor-element-88c01d8 e-con-full kt-stat-cell e-flex e-con e-child\" data-id=\"88c01d8\" data-element_type=\"container\" data-e-type=\"container\">\n\t\t\t\t<div class=\"elementor-element elementor-element-fd5c01f kt-stat-content elementor-widget elementor-widget-text-editor\" data-id=\"fd5c01f\" data-element_type=\"widget\" data-e-type=\"widget\" data-widget_type=\"text-editor.default\">\n\t\t\t\t\t\t\t\t\t<a href=\"\/en\/kooperationen\/\" class=\"kt-stat-link\"><div class=\"kt-stat-num-inline\">Siemens<\/div><div class=\"kt-stat-lbl-inline\">Solution Partner<\/div><\/a>\t\t\t\t\t\t\t\t<\/div>\n\t\t\t\t<\/div>\n\t\t\t\t<\/div>\n\t\t\t\t<\/div>\n\t\t<div class=\"elementor-element elementor-element-85460ed e-con-full kt-komp-section kt-section e-flex e-con e-parent\" data-id=\"85460ed\" data-element_type=\"container\" data-e-type=\"container\">\n\t\t<div class=\"elementor-element elementor-element-a037c80 e-con-full kt-komp-inner e-flex e-con e-child\" data-id=\"a037c80\" data-element_type=\"container\" data-e-type=\"container\">\n\t\t\t\t<div class=\"elementor-element elementor-element-5fb9170 kt-eyebrow elementor-widget elementor-widget-heading\" data-id=\"5fb9170\" data-element_type=\"widget\" data-e-type=\"widget\" data-widget_type=\"heading.default\">\n\t\t\t\t\t<h6 class=\"elementor-heading-title elementor-size-default\">Kompetenzschwerpunkte<\/h6>\t\t\t\t<\/div>\n\t\t\t\t<div class=\"elementor-element elementor-element-0d97fd3 kt-h2 elementor-widget elementor-widget-heading\" data-id=\"0d97fd3\" data-element_type=\"widget\" data-e-type=\"widget\" data-widget_type=\"heading.default\">\n\t\t\t\t\t<h2 class=\"elementor-heading-title elementor-size-default\">Our expertise.<\/h2>\t\t\t\t<\/div>\n\t\t\t\t<div class=\"elementor-element elementor-element-e6d8567 kt-section-lead elementor-widget elementor-widget-text-editor\" data-id=\"e6d8567\" data-element_type=\"widget\" data-e-type=\"widget\" data-widget_type=\"text-editor.default\">\n\t\t\t\t\t\t\t\t\t<p>We specialise in two core areas of industrial automation technology \u2014 from fine connection technology to decentralised plant control.<\/p>\t\t\t\t\t\t\t\t<\/div>\n\t\t<div class=\"elementor-element elementor-element-be3120e e-con-full kt-komp-grid e-flex e-con e-child\" data-id=\"be3120e\" data-element_type=\"container\" data-e-type=\"container\">\n\t\t<div class=\"elementor-element elementor-element-6806126 e-con-full kt-komp e-flex e-con e-child\" data-id=\"6806126\" data-element_type=\"container\" data-e-type=\"container\">\n\t\t\t\t<div class=\"elementor-element elementor-element-43142f8 kt-komp-num elementor-widget elementor-widget-heading\" data-id=\"43142f8\" data-element_type=\"widget\" data-e-type=\"widget\" data-widget_type=\"heading.default\">\n\t\t\t\t\t<div class=\"elementor-heading-title elementor-size-default\">01<\/div>\t\t\t\t<\/div>\n\t\t\t\t<div class=\"elementor-element elementor-element-4a2b5cc kt-komp-title elementor-widget elementor-widget-heading\" data-id=\"4a2b5cc\" data-element_type=\"widget\" data-e-type=\"widget\" data-widget_type=\"heading.default\">\n\t\t\t\t\t<h3 class=\"elementor-heading-title elementor-size-default\">Allgemeine Verbindungstechnik<\/h3>\t\t\t\t<\/div>\n\t\t\t\t<div class=\"elementor-element elementor-element-5350b0a kt-komp-tags-wrap elementor-widget elementor-widget-text-editor\" data-id=\"5350b0a\" data-element_type=\"widget\" data-e-type=\"widget\" data-widget_type=\"text-editor.default\">\n\t\t\t\t\t\t\t\t\t<div class=\"kt-komp-tags\"><span class=\"kt-komp-tag\">IP 20<\/span><span class=\"kt-komp-tag\">IP 65<\/span><span class=\"kt-komp-tag\">IP 67<\/span><span class=\"kt-komp-tag\">IP 68<\/span><\/div>\t\t\t\t\t\t\t\t<\/div>\n\t\t\t\t<div class=\"elementor-element elementor-element-b854ab6 kt-komp-desc elementor-widget elementor-widget-text-editor\" data-id=\"b854ab6\" data-element_type=\"widget\" data-e-type=\"widget\" data-widget_type=\"text-editor.default\">\n\t\t\t\t\t\t\t\t\t<p>Komplette <a href=\"\/en\/product-category\/d-sub-steckverbinder\/\">Steckverbinder<\/a>-L\u00f6sungen in allen g\u00e4ngigen Schutzarten \u2014 vom Schaltschrank bis zur Maschinen-Au\u00dfenverdrahtung. Gepr\u00fcft und elektrisch validiert.<\/p>\t\t\t\t\t\t\t\t<\/div>\n\t\t\t\t<\/div>\n\t\t<div class=\"elementor-element elementor-element-d1eb41a e-con-full kt-komp e-flex e-con e-child\" data-id=\"d1eb41a\" data-element_type=\"container\" data-e-type=\"container\">\n\t\t\t\t<div class=\"elementor-element elementor-element-71eb629 kt-komp-num elementor-widget elementor-widget-heading\" data-id=\"71eb629\" data-element_type=\"widget\" data-e-type=\"widget\" data-widget_type=\"heading.default\">\n\t\t\t\t\t<div class=\"elementor-heading-title elementor-size-default\">02<\/div>\t\t\t\t<\/div>\n\t\t\t\t<div class=\"elementor-element elementor-element-96f1a8b kt-komp-title elementor-widget elementor-widget-heading\" data-id=\"96f1a8b\" data-element_type=\"widget\" data-e-type=\"widget\" data-widget_type=\"heading.default\">\n\t\t\t\t\t<h3 class=\"elementor-heading-title elementor-size-default\">Installationstechnik dezentral<\/h3>\t\t\t\t<\/div>\n\t\t\t\t<div class=\"elementor-element elementor-element-5a5ad15 kt-komp-tags-wrap elementor-widget elementor-widget-text-editor\" data-id=\"5a5ad15\" data-element_type=\"widget\" data-e-type=\"widget\" data-widget_type=\"text-editor.default\">\n\t\t\t\t\t\t\t\t\t<div class=\"kt-komp-tags\"><span class=\"kt-komp-tag\">ISO 23570<\/span><span class=\"kt-komp-tag\">Automatisierung<\/span><span class=\"kt-komp-tag\">Maschinenbau<\/span><\/div>\t\t\t\t\t\t\t\t<\/div>\n\t\t\t\t<div class=\"elementor-element elementor-element-47a82a1 kt-komp-desc elementor-widget elementor-widget-text-editor\" data-id=\"47a82a1\" data-element_type=\"widget\" data-e-type=\"widget\" data-widget_type=\"text-editor.default\">\n\t\t\t\t\t\t\t\t\t<p>Installationstechnik nach <strong>ISO 23570<\/strong> f\u00fcr die dezentrale Automatisierungstechnik im Maschinen- und Anlagenbau. Standardisierte interfacen, konfektioniert nach Kundenvorgabe.<\/p>\t\t\t\t\t\t\t\t<\/div>\n\t\t\t\t<\/div>\n\t\t\t\t<\/div>\n\t\t\t\t<\/div>\n\t\t\t\t<\/div>\n\t\t<div class=\"elementor-element elementor-element-07705f2 e-con-full kt-vorteile-section kt-section-soft e-flex e-con e-parent\" data-id=\"07705f2\" data-element_type=\"container\" data-e-type=\"container\">\n\t\t<div class=\"elementor-element elementor-element-a0ea874 e-con-full kt-vorteile-inner e-flex e-con e-child\" data-id=\"a0ea874\" data-element_type=\"container\" data-e-type=\"container\">\n\t\t\t\t<div class=\"elementor-element elementor-element-ba8fec8 kt-eyebrow elementor-widget elementor-widget-heading\" data-id=\"ba8fec8\" data-element_type=\"widget\" data-e-type=\"widget\" data-widget_type=\"heading.default\">\n\t\t\t\t\t<h6 class=\"elementor-heading-title elementor-size-default\">Ihre Vorteile<\/h6>\t\t\t\t<\/div>\n\t\t\t\t<div class=\"elementor-element elementor-element-b19810f kt-h2 elementor-widget elementor-widget-heading\" data-id=\"b19810f\" data-element_type=\"widget\" data-e-type=\"widget\" data-widget_type=\"heading.default\">\n\t\t\t\t\t<h2 class=\"elementor-heading-title elementor-size-default\">What KnorrTec does for you.<\/h2>\t\t\t\t<\/div>\n\t\t<div class=\"elementor-element elementor-element-d44965b e-con-full kt-vorteile-grid e-flex e-con e-child\" data-id=\"d44965b\" data-element_type=\"container\" data-e-type=\"container\">\n\t\t\t\t<div class=\"elementor-element elementor-element-cb3e3d3 elementor-position-block-start kt-vorteil elementor-view-default elementor-mobile-position-block-start elementor-widget elementor-widget-icon-box\" data-id=\"cb3e3d3\" data-element_type=\"widget\" data-e-type=\"widget\" data-widget_type=\"icon-box.default\">\n\t\t\t\t\t\t\t<div class=\"elementor-icon-box-wrapper\">\n\n\t\t\t\t\t\t<div class=\"elementor-icon-box-icon\">\n\t\t\t\t<span  class=\"elementor-icon\">\n\t\t\t\t<svg aria-hidden=\"true\" class=\"e-font-icon-svg e-fas-wrench\" viewbox=\"0 0 512 512\" xmlns=\"http:\/\/www.w3.org\/2000\/svg\"><path d=\"M507.73 109.1c-2.24-9.03-13.54-12.09-20.12-5.51l-74.36 74.36-67.88-11.31-11.31-67.88 74.36-74.36c6.62-6.62 3.43-17.9-5.66-20.16-47.38-11.74-99.55.91-136.58 37.93-39.64 39.64-50.55 97.1-34.05 147.2L18.74 402.76c-24.99 24.99-24.99 65.51 0 90.5 24.99 24.99 65.51 24.99 90.5 0l213.21-213.21c50.12 16.71 107.47 5.68 147.37-34.22 37.07-37.07 49.7-89.32 37.91-136.73zM64 472c-13.25 0-24-10.75-24-24 0-13.26 10.75-24 24-24s24 10.74 24 24c0 13.25-10.75 24-24 24z\"><\/path><\/svg>\t\t\t\t<\/span>\n\t\t\t<\/div>\n\t\t\t\n\t\t\t\t\t\t<div class=\"elementor-icon-box-content\">\n\n\t\t\t\t\t\t\t\t\t<h3 class=\"elementor-icon-box-title\">\n\t\t\t\t\t\t<span  >\n\t\t\t\t\t\t\tIndividual solutions\t\t\t\t\t\t<\/span>\n\t\t\t\t\t<\/h3>\n\t\t\t\t\n\t\t\t\t\t\t\t\t\t<p class=\"elementor-icon-box-description\">\n\t\t\t\t\t\tJede Assembly ist auf Ihren Anwendungsfall zugeschnitten. Keine Standard-Regale \u2014 wir fertigen was Sie brauchen.\t\t\t\t\t<\/p>\n\t\t\t\t\n\t\t\t<\/div>\n\t\t\t\n\t\t<\/div>\n\t\t\t\t\t\t<\/div>\n\t\t\t\t<div class=\"elementor-element elementor-element-177e34a elementor-position-block-start kt-vorteil elementor-view-default elementor-mobile-position-block-start elementor-widget elementor-widget-icon-box\" data-id=\"177e34a\" data-element_type=\"widget\" data-e-type=\"widget\" data-widget_type=\"icon-box.default\">\n\t\t\t\t\t\t\t<div class=\"elementor-icon-box-wrapper\">\n\n\t\t\t\t\t\t<div class=\"elementor-icon-box-icon\">\n\t\t\t\t<span  class=\"elementor-icon\">\n\t\t\t\t<i aria-hidden=\"true\" class=\"fas fa-file-lines\"><\/i>\t\t\t\t<\/span>\n\t\t\t<\/div>\n\t\t\t\n\t\t\t\t\t\t<div class=\"elementor-icon-box-content\">\n\n\t\t\t\t\t\t\t\t\t<h3 class=\"elementor-icon-box-title\">\n\t\t\t\t\t\t<span  >\n\t\t\t\t\t\t\tReduzierter Doku-Aufwand\t\t\t\t\t\t<\/span>\n\t\t\t\t\t<\/h3>\n\t\t\t\t\n\t\t\t\t\t\t\t\t\t<p class=\"elementor-icon-box-description\">\n\t\t\t\t\t\tKundenspezifische Produkte mit der Dokumentationstiefe von Handelsware. Ein datasheet pro Artikel, wie gewohnt.\t\t\t\t\t<\/p>\n\t\t\t\t\n\t\t\t<\/div>\n\t\t\t\n\t\t<\/div>\n\t\t\t\t\t\t<\/div>\n\t\t\t\t<div class=\"elementor-element elementor-element-dfbac85 elementor-position-block-start kt-vorteil elementor-view-default elementor-mobile-position-block-start elementor-widget elementor-widget-icon-box\" data-id=\"dfbac85\" data-element_type=\"widget\" data-e-type=\"widget\" data-widget_type=\"icon-box.default\">\n\t\t\t\t\t\t\t<div class=\"elementor-icon-box-wrapper\">\n\n\t\t\t\t\t\t<div class=\"elementor-icon-box-icon\">\n\t\t\t\t<span  class=\"elementor-icon\">\n\t\t\t\t<svg aria-hidden=\"true\" class=\"e-font-icon-svg e-fas-bolt\" viewbox=\"0 0 320 512\" xmlns=\"http:\/\/www.w3.org\/2000\/svg\"><path d=\"M296 160H180.6l42.6-129.8C227.2 15 215.7 0 200 0H56C44 0 33.8 8.9 32.2 20.8l-32 240C-1.7 275.2 9.5 288 24 288h118.7L96.6 482.5c-3.6 15.2 8 29.5 23.3 29.5 8.4 0 16.4-4.4 20.8-12l176-304c9.3-15.9-2.2-36-20.7-36z\"><\/path><\/svg>\t\t\t\t<\/span>\n\t\t\t<\/div>\n\t\t\t\n\t\t\t\t\t\t<div class=\"elementor-icon-box-content\">\n\n\t\t\t\t\t\t\t\t\t<h3 class=\"elementor-icon-box-title\">\n\t\t\t\t\t\t<span  >\n\t\t\t\t\t\t\tProfessionelle Abwicklung\t\t\t\t\t\t<\/span>\n\t\t\t\t\t<\/h3>\n\t\t\t\t\n\t\t\t\t\t\t\t\t\t<p class=\"elementor-icon-box-description\">\n\t\t\t\t\t\tZ\u00fcgige <a href=\"\/en\/kontakt\/\">Angebots-Erstellung innerhalb 24 h<\/a>, verl\u00e4ssliche Lieferzeiten, direkte Kommunikation mit Ingenieuren.\t\t\t\t\t<\/p>\n\t\t\t\t\n\t\t\t<\/div>\n\t\t\t\n\t\t<\/div>\n\t\t\t\t\t\t<\/div>\n\t\t\t\t<\/div>\n\t\t\t\t<\/div>\n\t\t\t\t<\/div>\n\t\t<div class=\"elementor-element elementor-element-5e8374d e-con-full kt-cta-strip kt-section-dark e-flex e-con e-parent\" data-id=\"5e8374d\" data-element_type=\"container\" data-e-type=\"container\">\n\t\t<div class=\"elementor-element elementor-element-8b4809a e-con-full kt-cta-inner e-flex e-con e-child\" data-id=\"8b4809a\" data-element_type=\"container\" data-e-type=\"container\">\n\t\t<div class=\"elementor-element elementor-element-f3b5dde e-con-full kt-cta-left e-flex e-con e-child\" data-id=\"f3b5dde\" data-element_type=\"container\" data-e-type=\"container\">\n\t\t\t\t<div class=\"elementor-element elementor-element-e14c64a kt-cta-title elementor-widget elementor-widget-heading\" data-id=\"e14c64a\" data-element_type=\"widget\" data-e-type=\"widget\" data-widget_type=\"heading.default\">\n\t\t\t\t\t<h2 class=\"elementor-heading-title elementor-size-default\">Still have questions?<\/h2>\t\t\t\t<\/div>\n\t\t\t\t<div class=\"elementor-element elementor-element-b4c3ccc kt-cta-text elementor-widget elementor-widget-text-editor\" data-id=\"b4c3ccc\" data-element_type=\"widget\" data-e-type=\"widget\" data-widget_type=\"text-editor.default\">\n\t\t\t\t\t\t\t\t\t<p>We're happy to advise you on your project \u2014 quote within 24 h.<\/p>\t\t\t\t\t\t\t\t<\/div>\n\t\t\t\t<\/div>\n\t\t<div class=\"elementor-element elementor-element-ddaf00b e-con-full kt-cta-right e-flex e-con e-child\" data-id=\"ddaf00b\" data-element_type=\"container\" data-e-type=\"container\">\n\t\t\t\t<div class=\"elementor-element elementor-element-7eb910e kt-cta-btn elementor-widget elementor-widget-button\" data-id=\"7eb910e\" data-element_type=\"widget\" data-e-type=\"widget\" data-widget_type=\"button.default\">\n\t\t\t\t\t\t\t\t\t\t<a class=\"elementor-button elementor-button-link elementor-size-sm\" href=\"\/en\/kontakt\/\">\n\t\t\t\t\t\t<span class=\"elementor-button-content-wrapper\">\n\t\t\t\t\t\t<span class=\"elementor-button-icon\">\n\t\t\t\t<svg aria-hidden=\"true\" class=\"e-font-icon-svg e-fas-arrow-right\" viewbox=\"0 0 448 512\" xmlns=\"http:\/\/www.w3.org\/2000\/svg\"><path d=\"M190.5 66.9l22.2-22.2c9.4-9.4 24.6-9.4 33.9 0L441 239c9.4 9.4 9.4 24.6 0 33.9L246.6 467.3c-9.4 9.4-24.6 9.4-33.9 0l-22.2-22.2c-9.5-9.5-9.3-25 .4-34.3L311.4 296H24c-13.3 0-24-10.7-24-24v-32c0-13.3 10.7-24 24-24h287.4L190.9 101.2c-9.8-9.3-10-24.8-.4-34.3z\"><\/path><\/svg>\t\t\t<\/span>\n\t\t\t\t\t\t\t\t\t<span class=\"elementor-button-text\">Zum Kontaktformular<\/span>\n\t\t\t\t\t<\/span>\n\t\t\t\t\t<\/a>\n\t\t\t\t\t\t\t\t<\/div>\n\t\t\t\t<\/div>\n\t\t\t\t<\/div>\n\t\t\t\t<\/div>\n\t\t\t\t<\/div>","protected":false},"excerpt":{"rendered":"<p>Unternehmen Wir helfen Ihnen gerne weiter. Als mittelst\u00e4ndisches Unternehmen erarbeiten wir seit 2002 ma\u00dfgeschneiderte L\u00f6sungen \u2014 vorwiegend in den Bereichen Kabelkonfektion und Schaltkastenbau. Dabei orientieren wir uns an den individuellen Anforderungen unserer Kunden. Ihr Experte f\u00fcr Automatisierung von Anlagen und Maschinen \u2014 seit \u00fcber zwei Jahrzehnten. 1998 Gegr\u00fcndet 100 % Konfektion in Deutschland SiemensSolution Partner [&hellip;]<\/p>\n","protected":false},"author":1,"featured_media":0,"parent":0,"menu_order":0,"comment_status":"closed","ping_status":"closed","template":"elementor_header_footer","meta":{"footnotes":""},"class_list":["post-2871","page","type-page","status-publish","hentry"],"_links":{"self":[{"href":"https:\/\/knorrtec.w-communication.com\/en\/wp-json\/wp\/v2\/pages\/2871","targetHints":{"allow":["GET"]}}],"collection":[{"href":"https:\/\/knorrtec.w-communication.com\/en\/wp-json\/wp\/v2\/pages"}],"about":[{"href":"https:\/\/knorrtec.w-communication.com\/en\/wp-json\/wp\/v2\/types\/page"}],"author":[{"embeddable":true,"href":"https:\/\/knorrtec.w-communication.com\/en\/wp-json\/wp\/v2\/users\/1"}],"replies":[{"embeddable":true,"href":"https:\/\/knorrtec.w-communication.com\/en\/wp-json\/wp\/v2\/comments?post=2871"}],"version-history":[{"count":10,"href":"https:\/\/knorrtec.w-communication.com\/en\/wp-json\/wp\/v2\/pages\/2871\/revisions"}],"predecessor-version":[{"id":7048,"href":"https:\/\/knorrtec.w-communication.com\/en\/wp-json\/wp\/v2\/pages\/2871\/revisions\/7048"}],"wp:attachment":[{"href":"https:\/\/knorrtec.w-communication.com\/en\/wp-json\/wp\/v2\/media?parent=2871"}],"curies":[{"name":"wp","href":"https:\/\/api.w.org\/{rel}","templated":true}]}}