{"id":18,"date":"2026-04-21T11:42:27","date_gmt":"2026-04-21T09:42:27","guid":{"rendered":"https:\/\/knorrtec.w-communication.com\/datenschutz\/"},"modified":"2026-04-21T11:42:27","modified_gmt":"2026-04-21T09:42:27","slug":"datenschutz","status":"publish","type":"page","link":"http:\/\/knorrtec.w-communication.com\/en\/datenschutz\/","title":{"rendered":"Privacy policy"},"content":{"rendered":"<p><em>Platzhalter &#8211;Datenschutzerkl\u00e4rung wird \u00fcber Complianz oder einen Juristen finalisiert.<\/em><\/p>\n<h2>Verantwortlicher<\/h2>\n<p>KnorrTec GmbH<br \/>Parsberger Stra\u00dfe 58<br \/>93176 Beratzhausen<\/p>\n<h2>Erhebung von Anfragedaten<\/h2>\n<p>Zur Bearbeitung Ihrer Produktanfrage verarbeiten wir die von Ihnen \u00fcbermittelten Kontaktdaten (Name, Firma, E-Mail, Telefon, USt-ID).<\/p>","protected":false},"excerpt":{"rendered":"<p>Platzhalter &#8211;Datenschutzerkl\u00e4rung wird \u00fcber Complianz oder einen Juristen finalisiert. Verantwortlicher KnorrTec GmbHParsberger Stra\u00dfe 5893176 Beratzhausen Erhebung von Anfragedaten Zur Bearbeitung Ihrer Produktanfrage verarbeiten wir die von Ihnen \u00fcbermittelten Kontaktdaten (Name, Firma, E-Mail, Telefon, USt-ID).<\/p>","protected":false},"author":1,"featured_media":0,"parent":0,"menu_order":0,"comment_status":"closed","ping_status":"closed","template":"","meta":{"footnotes":""},"class_list":["post-18","page","type-page","status-publish","hentry"],"_links":{"self":[{"href":"https:\/\/knorrtec.w-communication.com\/en\/wp-json\/wp\/v2\/pages\/18","targetHints":{"allow":["GET"]}}],"collection":[{"href":"https:\/\/knorrtec.w-communication.com\/en\/wp-json\/wp\/v2\/pages"}],"about":[{"href":"https:\/\/knorrtec.w-communication.com\/en\/wp-json\/wp\/v2\/types\/page"}],"author":[{"embeddable":true,"href":"https:\/\/knorrtec.w-communication.com\/en\/wp-json\/wp\/v2\/users\/1"}],"replies":[{"embeddable":true,"href":"https:\/\/knorrtec.w-communication.com\/en\/wp-json\/wp\/v2\/comments?post=18"}],"version-history":[{"count":0,"href":"https:\/\/knorrtec.w-communication.com\/en\/wp-json\/wp\/v2\/pages\/18\/revisions"}],"wp:attachment":[{"href":"https:\/\/knorrtec.w-communication.com\/en\/wp-json\/wp\/v2\/media?parent=18"}],"curies":[{"name":"wp","href":"https:\/\/api.w.org\/{rel}","templated":true}]}}